{"id":699,"date":"2017-06-27T09:29:24","date_gmt":"2017-06-27T07:29:24","guid":{"rendered":"http:\/\/www.okusnivrt.com\/novice\/?page_id=699"},"modified":"2017-06-27T09:29:24","modified_gmt":"2017-06-27T07:29:24","slug":"vrtna-opravila-po-mesecih","status":"publish","type":"page","link":"https:\/\/www.okusnivrt.com\/novice\/vrtna-opravila-po-mesecih\/","title":{"rendered":"Vrtna opravila po mesecih"},"content":{"rendered":"<p>Vas zanima kaj morate na vrtu postoriti v tem mesecu? Ali pa, \u010de je \u0161e \u010das za setev \u0161pina\u010de? Potem preverite spisek opravil, ki jih morate na sadnem ali zelenjavnem vrtu opraviti v dolo\u010denem mesecu.<\/p>\n<h2>Vrtna opravila na sadnem in zelenjavnem vrtu<\/h2>\n<ul class=\"koledar\">\n<li><a href=\"http:\/\/www.okusnivrt.com\/novice\/januarska-opravila-na-vrtu\/\">Januar<\/a><\/li>\n<li><a href=\"http:\/\/www.okusnivrt.com\/novice\/februarska-opravila-na-vrtu\/\">Februar<\/a><\/li>\n<li><a href=\"http:\/\/www.okusnivrt.com\/novice\/marcevska-opravila-na-vrtu\/\">Marec<\/a><\/li>\n<li><a href=\"http:\/\/www.okusnivrt.com\/novice\/aprilska-opravila-na-vrtu\/\">April<\/a><\/li>\n<li><a href=\"http:\/\/www.okusnivrt.com\/novice\/majska-opravila-na-vrtu\/\">Maj<\/a><\/li>\n<li><a href=\"http:\/\/www.okusnivrt.com\/novice\/junijska-opravila-na-vrtu\/\">Junij<\/a><\/li>\n<li><a href=\"http:\/\/www.okusnivrt.com\/novice\/julijska-opravila-na-vrtu\/\">Julij<\/a><\/li>\n<li><a href=\"http:\/\/www.okusnivrt.com\/novice\/avgustovska-opravila-na-vrtu\/\">Avgust<\/a><\/li>\n<li><a href=\"http:\/\/www.okusnivrt.com\/novice\/septembrska-opravila-na-vrtu\/\">September<\/a><\/li>\n<li><a href=\"http:\/\/www.okusnivrt.com\/novice\/oktobrska-opravila-na-vrtu\/\">Oktober<\/a><\/li>\n<li><a href=\"http:\/\/www.okusnivrt.com\/novice\/novembrska-opravila-na-vrtu\/\">November<\/a><\/li>\n<li><a href=\"http:\/\/www.okusnivrt.com\/novice\/decembrska-opravila-na-vrtu\/\">December<\/a><\/li>\n<\/ul>\n","protected":false},"excerpt":{"rendered":"<p>Vas zanima kaj morate na vrtu postoriti v tem mesecu? Ali pa, \u010de je \u0161e \u010das za setev \u0161pina\u010de? Potem preverite spisek opravil, ki jih morate na sadnem ali zelenjavnem vrtu opraviti v dolo\u010denem mesecu. Vrtna opravila na sadnem in zelenjavnem vrtu Januar Februar Marec April Maj Junij Julij Avgust September Oktober November December<\/p>\n","protected":false},"author":3,"featured_media":0,"parent":0,"menu_order":0,"comment_status":"closed","ping_status":"closed","template":"","meta":{"om_disable_all_campaigns":false,"footnotes":""},"class_list":["post-699","page","type-page","status-publish","hentry"],"yoast_head":"<!-- This site is optimized with the Yoast SEO plugin v26.3 - https:\/\/yoast.com\/wordpress\/plugins\/seo\/ -->\n<title>Vrtna opravila po mesecih - Okusni vrt<\/title>\n<meta name=\"robots\" content=\"index, follow, max-snippet:-1, max-image-preview:large, max-video-preview:-1\" \/>\n<link rel=\"canonical\" href=\"https:\/\/www.okusnivrt.com\/novice\/vrtna-opravila-po-mesecih\/\" \/>\n<meta property=\"og:locale\" content=\"sl_SI\" \/>\n<meta property=\"og:type\" content=\"article\" \/>\n<meta property=\"og:title\" content=\"Vrtna opravila po mesecih - Okusni vrt\" \/>\n<meta property=\"og:description\" content=\"Vas zanima kaj morate na vrtu postoriti v tem mesecu? Ali pa, \u010de je \u0161e \u010das za setev \u0161pina\u010de? Potem preverite spisek opravil, ki jih morate na sadnem ali zelenjavnem vrtu opraviti v dolo\u010denem mesecu. Vrtna opravila na sadnem in zelenjavnem vrtu Januar Februar Marec April Maj Junij Julij Avgust September Oktober November December\" \/>\n<meta property=\"og:url\" content=\"https:\/\/www.okusnivrt.com\/novice\/vrtna-opravila-po-mesecih\/\" \/>\n<meta property=\"og:site_name\" content=\"Okusni vrt\" \/>\n<script type=\"application\/ld+json\" class=\"yoast-schema-graph\">{\"@context\":\"https:\/\/schema.org\",\"@graph\":[{\"@type\":\"WebPage\",\"@id\":\"https:\/\/www.okusnivrt.com\/novice\/vrtna-opravila-po-mesecih\/\",\"url\":\"https:\/\/www.okusnivrt.com\/novice\/vrtna-opravila-po-mesecih\/\",\"name\":\"Vrtna opravila po mesecih - Okusni vrt\",\"isPartOf\":{\"@id\":\"https:\/\/www.okusnivrt.com\/novice\/#website\"},\"datePublished\":\"2017-06-27T07:29:24+00:00\",\"inLanguage\":\"sl-SI\",\"potentialAction\":[{\"@type\":\"ReadAction\",\"target\":[\"https:\/\/www.okusnivrt.com\/novice\/vrtna-opravila-po-mesecih\/\"]}]},{\"@type\":\"WebSite\",\"@id\":\"https:\/\/www.okusnivrt.com\/novice\/#website\",\"url\":\"https:\/\/www.okusnivrt.com\/novice\/\",\"name\":\"Okusni vrt\",\"description\":\"Vzgojite si okusno zelenjavo in sadje\",\"publisher\":{\"@id\":\"https:\/\/www.okusnivrt.com\/novice\/#\/schema\/person\/7981188e12c4be42e88ca5ff133679d0\"},\"potentialAction\":[{\"@type\":\"SearchAction\",\"target\":{\"@type\":\"EntryPoint\",\"urlTemplate\":\"https:\/\/www.okusnivrt.com\/novice\/?s={search_term_string}\"},\"query-input\":{\"@type\":\"PropertyValueSpecification\",\"valueRequired\":true,\"valueName\":\"search_term_string\"}}],\"inLanguage\":\"sl-SI\"},{\"@type\":[\"Person\",\"Organization\"],\"@id\":\"https:\/\/www.okusnivrt.com\/novice\/#\/schema\/person\/7981188e12c4be42e88ca5ff133679d0\",\"name\":\"Matev\u017e\",\"image\":{\"@type\":\"ImageObject\",\"inLanguage\":\"sl-SI\",\"@id\":\"https:\/\/www.okusnivrt.com\/novice\/#\/schema\/person\/image\/\",\"url\":\"https:\/\/secure.gravatar.com\/avatar\/dd7c9460be862572ccb1b3595ce0ad70d756c119d99ea23783de1365075b564e?s=96&d=mm&r=g\",\"contentUrl\":\"https:\/\/secure.gravatar.com\/avatar\/dd7c9460be862572ccb1b3595ce0ad70d756c119d99ea23783de1365075b564e?s=96&d=mm&r=g\",\"caption\":\"Matev\u017e\"},\"logo\":{\"@id\":\"https:\/\/www.okusnivrt.com\/novice\/#\/schema\/person\/image\/\"}}]}<\/script>\n<!-- \/ Yoast SEO plugin. -->","yoast_head_json":{"title":"Vrtna opravila po mesecih - Okusni vrt","robots":{"index":"index","follow":"follow","max-snippet":"max-snippet:-1","max-image-preview":"max-image-preview:large","max-video-preview":"max-video-preview:-1"},"canonical":"https:\/\/www.okusnivrt.com\/novice\/vrtna-opravila-po-mesecih\/","og_locale":"sl_SI","og_type":"article","og_title":"Vrtna opravila po mesecih - Okusni vrt","og_description":"Vas zanima kaj morate na vrtu postoriti v tem mesecu? Ali pa, \u010de je \u0161e \u010das za setev \u0161pina\u010de? Potem preverite spisek opravil, ki jih morate na sadnem ali zelenjavnem vrtu opraviti v dolo\u010denem mesecu. Vrtna opravila na sadnem in zelenjavnem vrtu Januar Februar Marec April Maj Junij Julij Avgust September Oktober November December","og_url":"https:\/\/www.okusnivrt.com\/novice\/vrtna-opravila-po-mesecih\/","og_site_name":"Okusni vrt","schema":{"@context":"https:\/\/schema.org","@graph":[{"@type":"WebPage","@id":"https:\/\/www.okusnivrt.com\/novice\/vrtna-opravila-po-mesecih\/","url":"https:\/\/www.okusnivrt.com\/novice\/vrtna-opravila-po-mesecih\/","name":"Vrtna opravila po mesecih - Okusni vrt","isPartOf":{"@id":"https:\/\/www.okusnivrt.com\/novice\/#website"},"datePublished":"2017-06-27T07:29:24+00:00","inLanguage":"sl-SI","potentialAction":[{"@type":"ReadAction","target":["https:\/\/www.okusnivrt.com\/novice\/vrtna-opravila-po-mesecih\/"]}]},{"@type":"WebSite","@id":"https:\/\/www.okusnivrt.com\/novice\/#website","url":"https:\/\/www.okusnivrt.com\/novice\/","name":"Okusni vrt","description":"Vzgojite si okusno zelenjavo in sadje","publisher":{"@id":"https:\/\/www.okusnivrt.com\/novice\/#\/schema\/person\/7981188e12c4be42e88ca5ff133679d0"},"potentialAction":[{"@type":"SearchAction","target":{"@type":"EntryPoint","urlTemplate":"https:\/\/www.okusnivrt.com\/novice\/?s={search_term_string}"},"query-input":{"@type":"PropertyValueSpecification","valueRequired":true,"valueName":"search_term_string"}}],"inLanguage":"sl-SI"},{"@type":["Person","Organization"],"@id":"https:\/\/www.okusnivrt.com\/novice\/#\/schema\/person\/7981188e12c4be42e88ca5ff133679d0","name":"Matev\u017e","image":{"@type":"ImageObject","inLanguage":"sl-SI","@id":"https:\/\/www.okusnivrt.com\/novice\/#\/schema\/person\/image\/","url":"https:\/\/secure.gravatar.com\/avatar\/dd7c9460be862572ccb1b3595ce0ad70d756c119d99ea23783de1365075b564e?s=96&d=mm&r=g","contentUrl":"https:\/\/secure.gravatar.com\/avatar\/dd7c9460be862572ccb1b3595ce0ad70d756c119d99ea23783de1365075b564e?s=96&d=mm&r=g","caption":"Matev\u017e"},"logo":{"@id":"https:\/\/www.okusnivrt.com\/novice\/#\/schema\/person\/image\/"}}]}},"_links":{"self":[{"href":"https:\/\/www.okusnivrt.com\/novice\/wp-json\/wp\/v2\/pages\/699","targetHints":{"allow":["GET"]}}],"collection":[{"href":"https:\/\/www.okusnivrt.com\/novice\/wp-json\/wp\/v2\/pages"}],"about":[{"href":"https:\/\/www.okusnivrt.com\/novice\/wp-json\/wp\/v2\/types\/page"}],"author":[{"embeddable":true,"href":"https:\/\/www.okusnivrt.com\/novice\/wp-json\/wp\/v2\/users\/3"}],"replies":[{"embeddable":true,"href":"https:\/\/www.okusnivrt.com\/novice\/wp-json\/wp\/v2\/comments?post=699"}],"version-history":[{"count":0,"href":"https:\/\/www.okusnivrt.com\/novice\/wp-json\/wp\/v2\/pages\/699\/revisions"}],"wp:attachment":[{"href":"https:\/\/www.okusnivrt.com\/novice\/wp-json\/wp\/v2\/media?parent=699"}],"curies":[{"name":"wp","href":"https:\/\/api.w.org\/{rel}","templated":true}]}}